{"id":646,"date":"2019-04-30T13:57:24","date_gmt":"2019-04-30T13:57:24","guid":{"rendered":"http:\/\/miamilaservision.clients.ceatus.com\/?page_id=646"},"modified":"2025-05-23T06:13:34","modified_gmt":"2025-05-23T06:13:34","slug":"contactenos","status":"publish","type":"page","link":"https:\/\/www.miamilaservision.com\/es\/contactenos\/","title":{"rendered":"Cont\u00e1ctenos"},"content":{"rendered":"\r\n\r\n\r\n<p>Muchas gracias por visitar nuestra p\u00e1gina de Internet para informaci\u00f3n sobre el cuidado de su visi\u00f3n. Esperamos la haya encontrado informativa.<\/p>\r\n\r\n\r\n\r\n<p>Nos encantar\u00eda poder programar para usted una visita de cortes\u00eda en la que sus preguntas ser\u00e1n respondidas. Anticipamos la oportunidad de asistirle y de esta manera a averiguar&nbsp; si este procedimiento es el m\u00e1s adecuado para sus necesidades de la visi\u00f3n.<\/p>\r\n\r\n\r\n\r\n<p>Contamos con evaluaciones LASIK y ex\u00e1menes Pre-Operacion. Ll\u00e1menos ahora al 305-443-4733 o complete la siguiente informaci\u00f3n para obtener una cita o m\u00e1s informaci\u00f3n.<\/p>\r\n\r\n\r\n\r\n<p>* requerido<\/p>\r\n<div class=\"pc-form-widget\"\r\n    id=\"contact_page_form_spanish\" \r\n    data-form-id=\"28278\"\r\n    data-account-id=\"16196\"\r\n    data-location-id=\"\"\r\n    data-api-base-url=\"https:\/\/api.advicemedia.com\" \r\n    data-token=\"3mXz8wE0dtjIw9cW9FfJg1rASueKKFWOfQ7K5NlrAE3WqYEMp6AhmVBb8lyPeui\"\r\n    data-button-text=\"Env\u00ede\"\r\n    data-success-message=\"\"\r\n    data-error-message=\"\"\r\n    data-action-on-success=\"redirect\"\r\n    data-redirect-url=\"\/thank-you\/\">\r\n<\/div>\r\n\r\n\r\n\r\n<h1 class=\"wp-block-heading\">How To Reach Us<\/h1>\r\n\r\n\r\n\r\n<h2 class=\"wp-block-heading\">Call Us<\/h2>\r\n\r\n\r\n\r\n<p><a class=\"ga-click-to-call\" href=\"tel:+13054434733\">305-443-4733<\/a><\/p>\r\n\r\n\r\n\r\n<h2 class=\"wp-block-heading\">Find Us<\/h2>\r\n\r\n\r\n\r\n<p>1661 SW 37th Ave.<br>Miami, FL 33145<\/p>\r\n","protected":false},"excerpt":{"rendered":"<p>Muchas gracias por visitar nuestra p\u00e1gina de Internet para informaci\u00f3n sobre el cuidado de su visi\u00f3n. Esperamos la haya encontrado informativa. Nos encantar\u00eda poder programar para usted una visita de cortes\u00eda en la que sus preguntas ser\u00e1n respondidas. Anticipamos la oportunidad de asistirle y de esta manera a averiguar&nbsp; si este procedimiento es el m\u00e1s [&hellip;]<\/p>\n","protected":false},"author":12,"featured_media":0,"parent":0,"menu_order":0,"comment_status":"closed","ping_status":"closed","template":"","meta":{"_acf_changed":false,"footnotes":""},"class_list":["post-646","page","type-page","status-publish","hentry"],"acf":[],"yoast_head":"<!-- This site is optimized with the Yoast SEO plugin v26.1.1 - https:\/\/yoast.com\/wordpress\/plugins\/seo\/ -->\n<title>Contact Us - Laser Center of Miami<\/title>\n<meta name=\"description\" content=\"Contact Laser Eye Center of Miami today to book your consultation or ask about our vision correction services.\" \/>\n<meta name=\"robots\" content=\"index, follow, max-snippet:-1, max-image-preview:large, max-video-preview:-1\" \/>\n<link rel=\"canonical\" href=\"https:\/\/www.miamilaservision.com\/es\/contactenos\/\" \/>\n<meta property=\"og:locale\" content=\"es_ES\" \/>\n<meta property=\"og:type\" content=\"article\" \/>\n<meta property=\"og:title\" content=\"Contact Us - Laser Center of Miami\" \/>\n<meta property=\"og:description\" content=\"Contact Laser Eye Center of Miami today to book your consultation or ask about our vision correction services.\" \/>\n<meta property=\"og:url\" content=\"https:\/\/www.miamilaservision.com\/es\/contactenos\/\" \/>\n<meta property=\"og:site_name\" content=\"mlv\" \/>\n<meta property=\"article:modified_time\" content=\"2025-05-23T06:13:34+00:00\" \/>\n<meta name=\"twitter:card\" content=\"summary_large_image\" \/>\n<meta name=\"twitter:label1\" content=\"Tiempo de lectura\" \/>\n\t<meta name=\"twitter:data1\" content=\"1 minuto\" \/>\n<script type=\"application\/ld+json\" class=\"yoast-schema-graph\">{\"@context\":\"https:\/\/schema.org\",\"@graph\":[{\"@type\":\"WebPage\",\"@id\":\"https:\/\/www.miamilaservision.com\/es\/contactenos\/\",\"url\":\"https:\/\/www.miamilaservision.com\/es\/contactenos\/\",\"name\":\"Contact Us - Laser Center of Miami\",\"isPartOf\":{\"@id\":\"https:\/\/www.miamilaservision.com\/#website\"},\"datePublished\":\"2019-04-30T13:57:24+00:00\",\"dateModified\":\"2025-05-23T06:13:34+00:00\",\"description\":\"Contact Laser Eye Center of Miami today to book your consultation or ask about our vision correction services.\",\"breadcrumb\":{\"@id\":\"https:\/\/www.miamilaservision.com\/es\/contactenos\/#breadcrumb\"},\"inLanguage\":\"es\",\"potentialAction\":[{\"@type\":\"ReadAction\",\"target\":[\"https:\/\/www.miamilaservision.com\/es\/contactenos\/\"]}]},{\"@type\":\"BreadcrumbList\",\"@id\":\"https:\/\/www.miamilaservision.com\/es\/contactenos\/#breadcrumb\",\"itemListElement\":[{\"@type\":\"ListItem\",\"position\":1,\"name\":\"Home\",\"item\":\"https:\/\/www.miamilaservision.com\/es\/\"},{\"@type\":\"ListItem\",\"position\":2,\"name\":\"Cont\u00e1ctenos\"}]},{\"@type\":\"WebSite\",\"@id\":\"https:\/\/www.miamilaservision.com\/#website\",\"url\":\"https:\/\/www.miamilaservision.com\/\",\"name\":\"mlv\",\"description\":\"\",\"potentialAction\":[{\"@type\":\"SearchAction\",\"target\":{\"@type\":\"EntryPoint\",\"urlTemplate\":\"https:\/\/www.miamilaservision.com\/?s={search_term_string}\"},\"query-input\":{\"@type\":\"PropertyValueSpecification\",\"valueRequired\":true,\"valueName\":\"search_term_string\"}}],\"inLanguage\":\"es\"}]}<\/script>\n<!-- \/ Yoast SEO plugin. -->","yoast_head_json":{"title":"Contact Us - Laser Center of Miami","description":"Contact Laser Eye Center of Miami today to book your consultation or ask about our vision correction services.","robots":{"index":"index","follow":"follow","max-snippet":"max-snippet:-1","max-image-preview":"max-image-preview:large","max-video-preview":"max-video-preview:-1"},"canonical":"https:\/\/www.miamilaservision.com\/es\/contactenos\/","og_locale":"es_ES","og_type":"article","og_title":"Contact Us - Laser Center of Miami","og_description":"Contact Laser Eye Center of Miami today to book your consultation or ask about our vision correction services.","og_url":"https:\/\/www.miamilaservision.com\/es\/contactenos\/","og_site_name":"mlv","article_modified_time":"2025-05-23T06:13:34+00:00","twitter_card":"summary_large_image","twitter_misc":{"Tiempo de lectura":"1 minuto"},"schema":{"@context":"https:\/\/schema.org","@graph":[{"@type":"WebPage","@id":"https:\/\/www.miamilaservision.com\/es\/contactenos\/","url":"https:\/\/www.miamilaservision.com\/es\/contactenos\/","name":"Contact Us - Laser Center of Miami","isPartOf":{"@id":"https:\/\/www.miamilaservision.com\/#website"},"datePublished":"2019-04-30T13:57:24+00:00","dateModified":"2025-05-23T06:13:34+00:00","description":"Contact Laser Eye Center of Miami today to book your consultation or ask about our vision correction services.","breadcrumb":{"@id":"https:\/\/www.miamilaservision.com\/es\/contactenos\/#breadcrumb"},"inLanguage":"es","potentialAction":[{"@type":"ReadAction","target":["https:\/\/www.miamilaservision.com\/es\/contactenos\/"]}]},{"@type":"BreadcrumbList","@id":"https:\/\/www.miamilaservision.com\/es\/contactenos\/#breadcrumb","itemListElement":[{"@type":"ListItem","position":1,"name":"Home","item":"https:\/\/www.miamilaservision.com\/es\/"},{"@type":"ListItem","position":2,"name":"Cont\u00e1ctenos"}]},{"@type":"WebSite","@id":"https:\/\/www.miamilaservision.com\/#website","url":"https:\/\/www.miamilaservision.com\/","name":"mlv","description":"","potentialAction":[{"@type":"SearchAction","target":{"@type":"EntryPoint","urlTemplate":"https:\/\/www.miamilaservision.com\/?s={search_term_string}"},"query-input":{"@type":"PropertyValueSpecification","valueRequired":true,"valueName":"search_term_string"}}],"inLanguage":"es"}]}},"_links":{"self":[{"href":"https:\/\/www.miamilaservision.com\/es\/wp-json\/wp\/v2\/pages\/646","targetHints":{"allow":["GET"]}}],"collection":[{"href":"https:\/\/www.miamilaservision.com\/es\/wp-json\/wp\/v2\/pages"}],"about":[{"href":"https:\/\/www.miamilaservision.com\/es\/wp-json\/wp\/v2\/types\/page"}],"author":[{"embeddable":true,"href":"https:\/\/www.miamilaservision.com\/es\/wp-json\/wp\/v2\/users\/12"}],"replies":[{"embeddable":true,"href":"https:\/\/www.miamilaservision.com\/es\/wp-json\/wp\/v2\/comments?post=646"}],"version-history":[{"count":7,"href":"https:\/\/www.miamilaservision.com\/es\/wp-json\/wp\/v2\/pages\/646\/revisions"}],"predecessor-version":[{"id":1988,"href":"https:\/\/www.miamilaservision.com\/es\/wp-json\/wp\/v2\/pages\/646\/revisions\/1988"}],"wp:attachment":[{"href":"https:\/\/www.miamilaservision.com\/es\/wp-json\/wp\/v2\/media?parent=646"}],"curies":[{"name":"wp","href":"https:\/\/api.w.org\/{rel}","templated":true}]}}