{"id":644,"date":"2019-04-30T13:54:11","date_gmt":"2019-04-30T13:54:11","guid":{"rendered":"http:\/\/miamilaservision.clients.ceatus.com\/?page_id=644"},"modified":"2025-05-23T06:46:39","modified_gmt":"2025-05-23T06:46:39","slug":"otros-procedimientos","status":"publish","type":"page","link":"https:\/\/www.miamilaservision.com\/es\/otros-procedimientos\/","title":{"rendered":"Otros procedimientos"},"content":{"rendered":"\r\n<h2 class=\"wp-block-heading\">Laser Eye Center of Miami<br>Tan \u00fanico como lo es usted<\/h2>\r\n\r\n\r\n\r\n<p><strong>Otros procedimientos<\/strong><\/p>\r\n\r\n\r\n\r\n<p>Laser Eye Center of Miami es un centro completo para el cuidado de la visi\u00f3n y ofrecemos lo mejor en cirug\u00eda refractiva, lo m\u00e1s moderno en cirug\u00eda de cataratas con lo \u00faltimo en lentes multifocales y t\u00f3ricos y cirug\u00eda l\u00e1ser para Glaucoma con el Laser Selecta. Tambi\u00e9n ofrecemos otros tipos de procedimientos oculares como Oculoplastia.<\/p>\r\n\r\n\r\n\r\n<h2 class=\"wp-block-heading\" id=\"glaucoma\"><strong>Glaucoma<\/strong><\/h2>\r\n\r\n\r\n\r\n<p>El glaucoma es una condici\u00f3n en la que la presi\u00f3n ocular es lo suficientemente alta para gradualmente da\u00f1ar el nervio \u00f3ptico, causando la p\u00e9rdida progresiva de la visi\u00f3n perif\u00e9rica.<\/p>\r\n\r\n\r\n\r\n<p>Hay muchos tipos de glaucoma. El m\u00e1s com\u00fan es el glaucoma cr\u00f3nico de \u00e1ngulo abierto. Este tipo de glaucoma se debe a un bloqueo del flujo de un l\u00edquido claro que alimenta los tejidos alrededor de la c\u00e1mara anterior del ojo. Al existir un bloqueo del flujo de este l\u00edquido, se acumula aumentando la presi\u00f3n del ojo y puede llegar a un nivel en el que puede da\u00f1ar el nervio \u00f3ptico. Este afecta gradualmente la visi\u00f3n perif\u00e9rica sin presencia de dolor o molestia. La ausencia de s\u00edntomas en este tipo de glaucoma es una de las razones por lo que es tan importante hacerse un examen completo de la visi\u00f3n con regularidad. Aparte de tomar la presi\u00f3n ocular, el m\u00e9dico har\u00e1 una prueba computarizada para chequear el campo visual y medir\u00e1 objetivamente el nervio \u00f3ptico.<\/p>\r\n\r\n\r\n\r\n<div class=\"wp-block-image\"><figure class=\"alignright is-resized\"><img decoding=\"async\" src=\"https:\/\/www.miamilaservision.com\/wp-content\/uploads\/editor_images\/interior\/pic_procedures.jpg\" alt=\"\"><\/figure><\/div>\r\n\r\n\r\n\r\n<p>El objetivo principal en el tratamiento del glaucoma de \u00e1ngulo abierto es bajar la presi\u00f3n intraocular.&nbsp; Esto puede lograrse con gotas para el glaucoma, con cirug\u00eda l\u00e1ser o con cirug\u00eda convencional. En Laser Eye Center of Miami ofrecemos el tratamiento de trabeculoplastia con el Laser Selecta\u00ae Duet&#x2122;en el que el l\u00e1ser es usado para mejorar el flujo del l\u00edquido y as\u00ed minimizar el uso de las gotas convencionales.<\/p>\r\n\r\n\r\n\r\n<p>Existe un tipo de glaucoma llamado <em>\u201cglaucoma de \u00e1ngulo cerrado\u201d <\/em>en el que el iris, que es la parte de color del ojo, bloquea la salida del l\u00edquido. Este puede ser muy doloroso y ocasiona&nbsp;enrojecimiento de los ojos, visi\u00f3n borrosa y hasta nausea. Generalmente, con un tratamiento r\u00e1pido de cirug\u00eda l\u00e1ser en la oficina y medicamentos, se puede despejar el bloqueo y proteger la visi\u00f3n.<\/p>\r\n\r\n\r\n\r\n<figure class=\"wp-block-image\" style=\"margin: auto\"><img decoding=\"async\" src=\"https:\/\/www.miamilaservision.com\/wp-content\/uploads\/editor_images\/interior\/pic_other2.jpg\" alt=\"\" style=\"display: block; margin: auto;\"><\/figure>\r\n\r\n\r\n\r\n<p>Laser Eye Center of Miami tiene uno de las pocas unidades de Optical Coherente Tomography (OCT) disponibles en el sur del estado de Florida. El OCT es el m\u00e9todo m\u00e1s exacto para medir el nervio \u00f3ptico y la capa de fibras nerviosas de la retina.<\/p>\r\n\r\n\r\n\r\n<h2 class=\"wp-block-heading\" id=\"pterygium\"><strong>Pterygium o carnosidad<\/strong><\/h2>\r\n\r\n\r\n\r\n<p>Un pterygium o carnosidad es un crecimiento anormal del tejido cercano a la cornea. Esta condici\u00f3n es m\u00e1s com\u00fan en lugares con clima soleado y entre las edades de 20 y 40 a\u00f1os. Las causas del desarrollo de la carnosidad son desconocidas. Sin embargo, porque las personas que tienen carnosidad usualmente pasan mucho tiempo al aire libre, muchos m\u00e9dicos creen que los rayos ultravioleta (UV) del sol pueden ser un factor que interfiere, al igual que el aire y el viento, y tambi\u00e9n puede ser por una predisposici\u00f3n gen\u00e9tica.<\/p>\r\n\r\n\r\n\r\n<p>Como la carnosidad es visible, muchas personas optan por removerla por razones cosm\u00e9ticas. Existe tambi\u00e9n la posibilidad de que el m\u00e9dico recomiende remover la carnosidad cuando este est\u00e1 invadiendo la cornea o cuando la incomodidad y enrojecimiento no mejora con gotas para los ojos.<\/p>\r\n\r\n\r\n\r\n<p>La cirug\u00eda de carnosidad es ambulatoria, y se usa anestesia local en gotas. La protuberancia se extirpa completamente. La posibilidad de que vuelva a aparecer es enormemente reducida gracias a un qu\u00edmico especial que el m\u00e9dico usa durante el procedimiento. Los pacientes en su mayor\u00eda regresan a sus actividades normales tan pronto como dos d\u00edas despu\u00e9s de la cirug\u00eda. Puede que el uso de gotas sea necesario por aproximadamente un mes despu\u00e9s de este procedimiento.<\/p>\r\n\r\n\r\n\r\n<h2 class=\"wp-block-heading\" id=\"presbicia\"><strong>Presbicia<\/strong><\/h2>\r\n\r\n\r\n\r\n<p>La p\u00e9rdida de la habilidad de enfocar en objetos de cerca se conoce como presbicia. Los s\u00edntomas comienzan alrededor de los 40 a\u00f1os de edad cuando el lente cristalino se endurece y no puede cambiar su forma cuando se requiere. La mayor\u00eda de la gente tiene entre 40 y 50 a\u00f1os de edad cuando se dan cuenta por primera vez que no pueden leer objetos que est\u00e1n cerca de ellos. Las letras del directorio telef\u00f3nico de repente son \u201cmuy peque\u00f1as\u201d o se debe sostener el peri\u00f3dico m\u00e1s lejos de sus ojos de lo que lo sosten\u00eda en el pasado para poder verlo con claridad. Al mismo tiempo su habilidad de enfocar en objetos a distancia permanece normal.<\/p>\r\n\r\n\r\n\r\n<p><strong>Corrigiendo la presbicia<\/strong><\/p>\r\n\r\n\r\n\r\n<p>A pesar de que los anteojos para leer son siempre una opci\u00f3n conveniente para corregir la presbicia, desde que los diferentes tipos de cirug\u00eda refractiva han estado disponibles, vemos como m\u00e1s y m\u00e1s personas disfrutan de la vida sin tener que cargar un par de espejuelos con ellos todo el tiempo en sus carteras o en los bolsillos de su ropa.<\/p>\r\n\r\n\r\n\r\n<p>La Monovisi\u00f3n en la operaci\u00f3n de LASIK ha sido una muy buena opci\u00f3n para eliminar o reducir la dependencia de los espejuelos o lentes de contacto. Esta consiste en corregir el ojo dominante para la distancia (Miop\u00eda, Hipermetrop\u00eda y\/o astigmatismo) y el otro ojo se corrige para ver de cerca.<\/p>\r\n\r\n\r\n\r\n<p>Otra opci\u00f3n es el lente multifocal. Este lente es un tipo de implante usado en pacientes que han sido diagnosticados con cataratas, pero ha sido tambi\u00e9n la elecci\u00f3n de muchas personas que quieren minimizar la dependencia de los espejuelos para leer, para ver de lejos, al igual que distancia intermedia, y que est\u00e1n en una edad en la que una cirug\u00eda de cataratas est\u00e1 entre las posibilidades a corto plazo.<\/p>\r\n\r\n\r\n\r\n<p>Es necesario hacer un examen completo de la visi\u00f3n con las pruebas espec\u00edficas para poder tener seguridad que alguna de estas opciones es la correcta para usted.<\/p>\r\n\r\n\r\n\r\n<p>En el Laser Eye Center of Miami tenemos lo \u00faltimo en tecnolog\u00eda para brindarle el trato profesional y humano que usted quiere y merece.<\/p>\r\n\r\n\r\n\r\n<p>Para <a href=\"\/es\/contactenos\/\">programar una cita<\/a> y conversar directamente con uno de nuestros especialistas y recibir m\u00e1s informaci\u00f3n sobre las opciones de tratamiento, llame al Laser Eye Center of Miami al <a href=\"tel:+13054434733\">305-443-4733<\/a>.<\/p>\r\n","protected":false},"excerpt":{"rendered":"<p>Laser Eye Center of MiamiTan \u00fanico como lo es usted Otros procedimientos Laser Eye Center of Miami es un centro completo para el cuidado de la visi\u00f3n y ofrecemos lo mejor en cirug\u00eda refractiva, lo m\u00e1s moderno en cirug\u00eda de cataratas con lo \u00faltimo en lentes multifocales y t\u00f3ricos y cirug\u00eda l\u00e1ser para Glaucoma con [&hellip;]<\/p>\n","protected":false},"author":12,"featured_media":0,"parent":0,"menu_order":0,"comment_status":"closed","ping_status":"closed","template":"","meta":{"_acf_changed":false,"footnotes":""},"class_list":["post-644","page","type-page","status-publish","hentry"],"acf":[],"yoast_head":"<!-- This site is optimized with the Yoast SEO plugin v26.1.1 - https:\/\/yoast.com\/wordpress\/plugins\/seo\/ -->\n<title>Otros procedimientos - mlv<\/title>\n<meta name=\"description\" content=\"Other Procedures in Miami. Discover expert cosmetic procedures in Fort Lauderdale to enhance your look and confidence.\" \/>\n<meta name=\"robots\" content=\"index, follow, max-snippet:-1, max-image-preview:large, max-video-preview:-1\" \/>\n<link rel=\"canonical\" href=\"https:\/\/www.miamilaservision.com\/es\/otros-procedimientos\/\" \/>\n<meta property=\"og:locale\" content=\"es_ES\" \/>\n<meta property=\"og:type\" content=\"article\" \/>\n<meta property=\"og:title\" content=\"Otros procedimientos - mlv\" \/>\n<meta property=\"og:description\" content=\"Other Procedures in Miami. Discover expert cosmetic procedures in Fort Lauderdale to enhance your look and confidence.\" \/>\n<meta property=\"og:url\" content=\"https:\/\/www.miamilaservision.com\/es\/otros-procedimientos\/\" \/>\n<meta property=\"og:site_name\" content=\"mlv\" \/>\n<meta property=\"article:modified_time\" content=\"2025-05-23T06:46:39+00:00\" \/>\n<meta property=\"og:image\" content=\"https:\/\/www.miamilaservision.com\/wp-content\/uploads\/editor_images\/interior\/pic_procedures.jpg\" \/>\n<meta name=\"twitter:card\" content=\"summary_large_image\" \/>\n<meta name=\"twitter:label1\" content=\"Tiempo de lectura\" \/>\n\t<meta name=\"twitter:data1\" content=\"5 minutos\" \/>\n<script type=\"application\/ld+json\" class=\"yoast-schema-graph\">{\"@context\":\"https:\/\/schema.org\",\"@graph\":[{\"@type\":\"WebPage\",\"@id\":\"https:\/\/www.miamilaservision.com\/es\/otros-procedimientos\/\",\"url\":\"https:\/\/www.miamilaservision.com\/es\/otros-procedimientos\/\",\"name\":\"Otros procedimientos - mlv\",\"isPartOf\":{\"@id\":\"https:\/\/www.miamilaservision.com\/#website\"},\"primaryImageOfPage\":{\"@id\":\"https:\/\/www.miamilaservision.com\/es\/otros-procedimientos\/#primaryimage\"},\"image\":{\"@id\":\"https:\/\/www.miamilaservision.com\/es\/otros-procedimientos\/#primaryimage\"},\"thumbnailUrl\":\"https:\/\/www.miamilaservision.com\/wp-content\/uploads\/editor_images\/interior\/pic_procedures.jpg\",\"datePublished\":\"2019-04-30T13:54:11+00:00\",\"dateModified\":\"2025-05-23T06:46:39+00:00\",\"description\":\"Other Procedures in Miami. Discover expert cosmetic procedures in Fort Lauderdale to enhance your look and confidence.\",\"breadcrumb\":{\"@id\":\"https:\/\/www.miamilaservision.com\/es\/otros-procedimientos\/#breadcrumb\"},\"inLanguage\":\"es\",\"potentialAction\":[{\"@type\":\"ReadAction\",\"target\":[\"https:\/\/www.miamilaservision.com\/es\/otros-procedimientos\/\"]}]},{\"@type\":\"ImageObject\",\"inLanguage\":\"es\",\"@id\":\"https:\/\/www.miamilaservision.com\/es\/otros-procedimientos\/#primaryimage\",\"url\":\"https:\/\/www.miamilaservision.com\/wp-content\/uploads\/editor_images\/interior\/pic_procedures.jpg\",\"contentUrl\":\"https:\/\/www.miamilaservision.com\/wp-content\/uploads\/editor_images\/interior\/pic_procedures.jpg\"},{\"@type\":\"BreadcrumbList\",\"@id\":\"https:\/\/www.miamilaservision.com\/es\/otros-procedimientos\/#breadcrumb\",\"itemListElement\":[{\"@type\":\"ListItem\",\"position\":1,\"name\":\"Home\",\"item\":\"https:\/\/www.miamilaservision.com\/es\/\"},{\"@type\":\"ListItem\",\"position\":2,\"name\":\"Otros procedimientos\"}]},{\"@type\":\"WebSite\",\"@id\":\"https:\/\/www.miamilaservision.com\/#website\",\"url\":\"https:\/\/www.miamilaservision.com\/\",\"name\":\"mlv\",\"description\":\"\",\"potentialAction\":[{\"@type\":\"SearchAction\",\"target\":{\"@type\":\"EntryPoint\",\"urlTemplate\":\"https:\/\/www.miamilaservision.com\/?s={search_term_string}\"},\"query-input\":{\"@type\":\"PropertyValueSpecification\",\"valueRequired\":true,\"valueName\":\"search_term_string\"}}],\"inLanguage\":\"es\"}]}<\/script>\n<!-- \/ Yoast SEO plugin. -->","yoast_head_json":{"title":"Otros procedimientos - mlv","description":"Other Procedures in Miami. Discover expert cosmetic procedures in Fort Lauderdale to enhance your look and confidence.","robots":{"index":"index","follow":"follow","max-snippet":"max-snippet:-1","max-image-preview":"max-image-preview:large","max-video-preview":"max-video-preview:-1"},"canonical":"https:\/\/www.miamilaservision.com\/es\/otros-procedimientos\/","og_locale":"es_ES","og_type":"article","og_title":"Otros procedimientos - mlv","og_description":"Other Procedures in Miami. Discover expert cosmetic procedures in Fort Lauderdale to enhance your look and confidence.","og_url":"https:\/\/www.miamilaservision.com\/es\/otros-procedimientos\/","og_site_name":"mlv","article_modified_time":"2025-05-23T06:46:39+00:00","og_image":[{"url":"https:\/\/www.miamilaservision.com\/wp-content\/uploads\/editor_images\/interior\/pic_procedures.jpg","type":"","width":"","height":""}],"twitter_card":"summary_large_image","twitter_misc":{"Tiempo de lectura":"5 minutos"},"schema":{"@context":"https:\/\/schema.org","@graph":[{"@type":"WebPage","@id":"https:\/\/www.miamilaservision.com\/es\/otros-procedimientos\/","url":"https:\/\/www.miamilaservision.com\/es\/otros-procedimientos\/","name":"Otros procedimientos - mlv","isPartOf":{"@id":"https:\/\/www.miamilaservision.com\/#website"},"primaryImageOfPage":{"@id":"https:\/\/www.miamilaservision.com\/es\/otros-procedimientos\/#primaryimage"},"image":{"@id":"https:\/\/www.miamilaservision.com\/es\/otros-procedimientos\/#primaryimage"},"thumbnailUrl":"https:\/\/www.miamilaservision.com\/wp-content\/uploads\/editor_images\/interior\/pic_procedures.jpg","datePublished":"2019-04-30T13:54:11+00:00","dateModified":"2025-05-23T06:46:39+00:00","description":"Other Procedures in Miami. Discover expert cosmetic procedures in Fort Lauderdale to enhance your look and confidence.","breadcrumb":{"@id":"https:\/\/www.miamilaservision.com\/es\/otros-procedimientos\/#breadcrumb"},"inLanguage":"es","potentialAction":[{"@type":"ReadAction","target":["https:\/\/www.miamilaservision.com\/es\/otros-procedimientos\/"]}]},{"@type":"ImageObject","inLanguage":"es","@id":"https:\/\/www.miamilaservision.com\/es\/otros-procedimientos\/#primaryimage","url":"https:\/\/www.miamilaservision.com\/wp-content\/uploads\/editor_images\/interior\/pic_procedures.jpg","contentUrl":"https:\/\/www.miamilaservision.com\/wp-content\/uploads\/editor_images\/interior\/pic_procedures.jpg"},{"@type":"BreadcrumbList","@id":"https:\/\/www.miamilaservision.com\/es\/otros-procedimientos\/#breadcrumb","itemListElement":[{"@type":"ListItem","position":1,"name":"Home","item":"https:\/\/www.miamilaservision.com\/es\/"},{"@type":"ListItem","position":2,"name":"Otros procedimientos"}]},{"@type":"WebSite","@id":"https:\/\/www.miamilaservision.com\/#website","url":"https:\/\/www.miamilaservision.com\/","name":"mlv","description":"","potentialAction":[{"@type":"SearchAction","target":{"@type":"EntryPoint","urlTemplate":"https:\/\/www.miamilaservision.com\/?s={search_term_string}"},"query-input":{"@type":"PropertyValueSpecification","valueRequired":true,"valueName":"search_term_string"}}],"inLanguage":"es"}]}},"_links":{"self":[{"href":"https:\/\/www.miamilaservision.com\/es\/wp-json\/wp\/v2\/pages\/644","targetHints":{"allow":["GET"]}}],"collection":[{"href":"https:\/\/www.miamilaservision.com\/es\/wp-json\/wp\/v2\/pages"}],"about":[{"href":"https:\/\/www.miamilaservision.com\/es\/wp-json\/wp\/v2\/types\/page"}],"author":[{"embeddable":true,"href":"https:\/\/www.miamilaservision.com\/es\/wp-json\/wp\/v2\/users\/12"}],"replies":[{"embeddable":true,"href":"https:\/\/www.miamilaservision.com\/es\/wp-json\/wp\/v2\/comments?post=644"}],"version-history":[{"count":9,"href":"https:\/\/www.miamilaservision.com\/es\/wp-json\/wp\/v2\/pages\/644\/revisions"}],"predecessor-version":[{"id":2093,"href":"https:\/\/www.miamilaservision.com\/es\/wp-json\/wp\/v2\/pages\/644\/revisions\/2093"}],"wp:attachment":[{"href":"https:\/\/www.miamilaservision.com\/es\/wp-json\/wp\/v2\/media?parent=644"}],"curies":[{"name":"wp","href":"https:\/\/api.w.org\/{rel}","templated":true}]}}