{"id":619,"date":"2019-04-30T12:42:33","date_gmt":"2019-04-30T12:42:33","guid":{"rendered":"http:\/\/miamilaservision.clients.ceatus.com\/?page_id=619"},"modified":"2025-05-23T06:02:27","modified_gmt":"2025-05-23T06:02:27","slug":"sus-medicos","status":"publish","type":"page","link":"https:\/\/www.miamilaservision.com\/es\/sus-medicos\/","title":{"rendered":"Sus Medicos"},"content":{"rendered":"\r\n<h2 class=\"wp-block-heading\">Nuestros M\u00e9dicos<\/h2>\r\n\r\n\r\n\r\n<h2 class=\"wp-block-heading\">Gabriel G. Lazcano, MD<\/h2>\r\n\r\n\r\n\r\n<div class=\"wp-block-image\"><figure class=\"alignright is-resized\"><img decoding=\"async\" src=\"https:\/\/www.miamilaservision.com\/wp-content\/uploads\/editor_images\/index\/dr-lazcano.jpg\" alt=\"\"\/><\/figure><\/div>\r\n\r\n\r\n\r\n<p>El doctor Gabriel Lazacano es un experimentado cirujano oftalm\u00f3logo con m\u00e1s de 13 a\u00f1os de experiencia, especialista en segmento anterior. Una de sus especialidades es la cirug\u00eda de catarata sin puntos y cirug\u00eda refractiva. Es un oftalm\u00f3logo certificado y VISX Star4 CustomVue, y cirujano certificado de LASIK.<\/p>\r\n\r\n\r\n\r\n<p>Dr. Lazcano complet\u00f3 sus estudios de pregrado en la Universidad de Miami. Recibi\u00f3 su doctorado en medicina en Tulane University School of Medicine en New Orleans, La. Seguido de su internado en medicina interna, Dr. Gabriel Lazcano complet\u00f3 su residencia en oftalmolog\u00eda en el Alton Ochsner Medical Foundation en New Orleans.<\/p>\r\n\r\n\r\n\r\n<div class=\"wp-block-image\"><figure class=\"alignright is-resized\"><img loading=\"lazy\" decoding=\"async\" src=\"https:\/\/www.miamilaservision.com\/wp-content\/uploads\/editor_images\/dr-lazcano-and-daughter.jpg\" alt=\"\" width=\"257\" height=\"193\"\/><figcaption> <br><em>Dr. Lazcano realiz\u00f3 cirug\u00eda en su hija<\/em> <\/figcaption><\/figure><\/div>\r\n\r\n\r\n\r\n<p>Dr. Lazcano es el director m\u00e9dico del Coral Gables Surgery Center y de South Florida Eye Associates. El tiene privilegios en el North Miami Beach Surgical Center, Hialeah Hospital, Bayside Ambulatory Center en Miami y el Physicians Outpatient Surgery Center en Fort Lauderdale, entre otros.<\/p>\r\n\r\n\r\n\r\n<p><\/p>\r\n\r\n\r\n\r\n<p>El doctor Gabriel Lazcano est\u00e1 certificado por el Consejo de la Academia Americana de Oftalmolog\u00eda, de la cual es miembro activo.<\/p>\r\n\r\n\r\n\r\n<br>\r\n\r\n\r\n\r\n<h2 class=\"wp-block-heading\">Abraham Awad, OD<\/h2>\r\n\r\n\r\n\r\n<div class=\"wp-block-image\"><figure class=\"alignright is-resized\"><img decoding=\"async\" src=\"https:\/\/www.miamilaservision.com\/wp-content\/uploads\/editor_images\/index\/dr-abraham.jpg\" alt=\"\"\/><\/figure><\/div>\r\n\r\n\r\n\r\n<p>Abraham Awad, OD, Director de Servicios de Optometr\u00eda en el Laser Eye Center of Miami, tiene una extensa experiencia en LASIK y otros procedimientos refractivos. El recibi\u00f3 su bachillerato en Biolog\u00eda de Virginia Polytechnic Institute y el State University en Blacksburg, Virginia. Dr. Awad trabaj\u00f3 muchos a\u00f1os en el prestigioso King Khaled Eye Specialist Hospital en Arabia Saudita. Despu\u00e9s, asisti\u00f3 Southeastern University College of Optometry sonde recibi\u00f3 el Doctorado en Optometr\u00eda. En 1992 Dr. Awad fue galardonado con el Bausch and Lomb Contact Lens Award. En 1993 recibi\u00f3 el Alcon COntact Lens Award y el Wesley-Jenssen Contact Lens Clinical Practice Award. Dr. Awad es miembro de Beta Sigma Kappa honor society y de la Academia Americana de Optometr\u00eda.<\/p>\r\n","protected":false},"excerpt":{"rendered":"<p>Nuestros M\u00e9dicos Gabriel G. Lazcano, MD El doctor Gabriel Lazacano es un experimentado cirujano oftalm\u00f3logo con m\u00e1s de 13 a\u00f1os de experiencia, especialista en segmento anterior. Una de sus especialidades es la cirug\u00eda de catarata sin puntos y cirug\u00eda refractiva. Es un oftalm\u00f3logo certificado y VISX Star4 CustomVue, y cirujano certificado de LASIK. Dr. Lazcano [&hellip;]<\/p>\n","protected":false},"author":12,"featured_media":0,"parent":0,"menu_order":0,"comment_status":"closed","ping_status":"closed","template":"","meta":{"_acf_changed":false,"footnotes":""},"class_list":["post-619","page","type-page","status-publish","hentry"],"acf":[],"yoast_head":"<!-- This site is optimized with the Yoast SEO plugin v26.1.1 - https:\/\/yoast.com\/wordpress\/plugins\/seo\/ -->\n<title>Our Doctors - Laser Eye Center of Miami<\/title>\n<meta name=\"description\" content=\"Meet top eye surgeons at Laser Eye Center of Miami\u2014experts in LASIK, cataract care, and vision correction.\" \/>\n<meta name=\"robots\" content=\"index, follow, max-snippet:-1, max-image-preview:large, max-video-preview:-1\" \/>\n<link rel=\"canonical\" href=\"https:\/\/www.miamilaservision.com\/es\/sus-medicos\/\" \/>\n<meta property=\"og:locale\" content=\"es_ES\" \/>\n<meta property=\"og:type\" content=\"article\" \/>\n<meta property=\"og:title\" content=\"Our Doctors - Laser Eye Center of Miami\" \/>\n<meta property=\"og:description\" content=\"Meet top eye surgeons at Laser Eye Center of Miami\u2014experts in LASIK, cataract care, and vision correction.\" \/>\n<meta property=\"og:url\" content=\"https:\/\/www.miamilaservision.com\/es\/sus-medicos\/\" \/>\n<meta property=\"og:site_name\" content=\"mlv\" \/>\n<meta property=\"article:modified_time\" content=\"2025-05-23T06:02:27+00:00\" \/>\n<meta property=\"og:image\" content=\"https:\/\/www.miamilaservision.com\/wp-content\/uploads\/editor_images\/index\/dr-lazcano.jpg\" \/>\n<meta name=\"twitter:card\" content=\"summary_large_image\" \/>\n<meta name=\"twitter:label1\" content=\"Tiempo de lectura\" \/>\n\t<meta name=\"twitter:data1\" content=\"2 minutos\" \/>\n<script type=\"application\/ld+json\" class=\"yoast-schema-graph\">{\"@context\":\"https:\/\/schema.org\",\"@graph\":[{\"@type\":\"WebPage\",\"@id\":\"https:\/\/www.miamilaservision.com\/es\/sus-medicos\/\",\"url\":\"https:\/\/www.miamilaservision.com\/es\/sus-medicos\/\",\"name\":\"Our Doctors - Laser Eye Center of Miami\",\"isPartOf\":{\"@id\":\"https:\/\/www.miamilaservision.com\/#website\"},\"primaryImageOfPage\":{\"@id\":\"https:\/\/www.miamilaservision.com\/es\/sus-medicos\/#primaryimage\"},\"image\":{\"@id\":\"https:\/\/www.miamilaservision.com\/es\/sus-medicos\/#primaryimage\"},\"thumbnailUrl\":\"https:\/\/www.miamilaservision.com\/wp-content\/uploads\/editor_images\/index\/dr-lazcano.jpg\",\"datePublished\":\"2019-04-30T12:42:33+00:00\",\"dateModified\":\"2025-05-23T06:02:27+00:00\",\"description\":\"Meet top eye surgeons at Laser Eye Center of Miami\u2014experts in LASIK, cataract care, and vision correction.\",\"breadcrumb\":{\"@id\":\"https:\/\/www.miamilaservision.com\/es\/sus-medicos\/#breadcrumb\"},\"inLanguage\":\"es\",\"potentialAction\":[{\"@type\":\"ReadAction\",\"target\":[\"https:\/\/www.miamilaservision.com\/es\/sus-medicos\/\"]}]},{\"@type\":\"ImageObject\",\"inLanguage\":\"es\",\"@id\":\"https:\/\/www.miamilaservision.com\/es\/sus-medicos\/#primaryimage\",\"url\":\"https:\/\/www.miamilaservision.com\/wp-content\/uploads\/editor_images\/index\/dr-lazcano.jpg\",\"contentUrl\":\"https:\/\/www.miamilaservision.com\/wp-content\/uploads\/editor_images\/index\/dr-lazcano.jpg\"},{\"@type\":\"BreadcrumbList\",\"@id\":\"https:\/\/www.miamilaservision.com\/es\/sus-medicos\/#breadcrumb\",\"itemListElement\":[{\"@type\":\"ListItem\",\"position\":1,\"name\":\"Home\",\"item\":\"https:\/\/www.miamilaservision.com\/es\/\"},{\"@type\":\"ListItem\",\"position\":2,\"name\":\"Sus Medicos\"}]},{\"@type\":\"WebSite\",\"@id\":\"https:\/\/www.miamilaservision.com\/#website\",\"url\":\"https:\/\/www.miamilaservision.com\/\",\"name\":\"mlv\",\"description\":\"\",\"potentialAction\":[{\"@type\":\"SearchAction\",\"target\":{\"@type\":\"EntryPoint\",\"urlTemplate\":\"https:\/\/www.miamilaservision.com\/?s={search_term_string}\"},\"query-input\":{\"@type\":\"PropertyValueSpecification\",\"valueRequired\":true,\"valueName\":\"search_term_string\"}}],\"inLanguage\":\"es\"}]}<\/script>\n<!-- \/ Yoast SEO plugin. -->","yoast_head_json":{"title":"Our Doctors - Laser Eye Center of Miami","description":"Meet top eye surgeons at Laser Eye Center of Miami\u2014experts in LASIK, cataract care, and vision correction.","robots":{"index":"index","follow":"follow","max-snippet":"max-snippet:-1","max-image-preview":"max-image-preview:large","max-video-preview":"max-video-preview:-1"},"canonical":"https:\/\/www.miamilaservision.com\/es\/sus-medicos\/","og_locale":"es_ES","og_type":"article","og_title":"Our Doctors - Laser Eye Center of Miami","og_description":"Meet top eye surgeons at Laser Eye Center of Miami\u2014experts in LASIK, cataract care, and vision correction.","og_url":"https:\/\/www.miamilaservision.com\/es\/sus-medicos\/","og_site_name":"mlv","article_modified_time":"2025-05-23T06:02:27+00:00","og_image":[{"url":"https:\/\/www.miamilaservision.com\/wp-content\/uploads\/editor_images\/index\/dr-lazcano.jpg","type":"","width":"","height":""}],"twitter_card":"summary_large_image","twitter_misc":{"Tiempo de lectura":"2 minutos"},"schema":{"@context":"https:\/\/schema.org","@graph":[{"@type":"WebPage","@id":"https:\/\/www.miamilaservision.com\/es\/sus-medicos\/","url":"https:\/\/www.miamilaservision.com\/es\/sus-medicos\/","name":"Our Doctors - Laser Eye Center of Miami","isPartOf":{"@id":"https:\/\/www.miamilaservision.com\/#website"},"primaryImageOfPage":{"@id":"https:\/\/www.miamilaservision.com\/es\/sus-medicos\/#primaryimage"},"image":{"@id":"https:\/\/www.miamilaservision.com\/es\/sus-medicos\/#primaryimage"},"thumbnailUrl":"https:\/\/www.miamilaservision.com\/wp-content\/uploads\/editor_images\/index\/dr-lazcano.jpg","datePublished":"2019-04-30T12:42:33+00:00","dateModified":"2025-05-23T06:02:27+00:00","description":"Meet top eye surgeons at Laser Eye Center of Miami\u2014experts in LASIK, cataract care, and vision correction.","breadcrumb":{"@id":"https:\/\/www.miamilaservision.com\/es\/sus-medicos\/#breadcrumb"},"inLanguage":"es","potentialAction":[{"@type":"ReadAction","target":["https:\/\/www.miamilaservision.com\/es\/sus-medicos\/"]}]},{"@type":"ImageObject","inLanguage":"es","@id":"https:\/\/www.miamilaservision.com\/es\/sus-medicos\/#primaryimage","url":"https:\/\/www.miamilaservision.com\/wp-content\/uploads\/editor_images\/index\/dr-lazcano.jpg","contentUrl":"https:\/\/www.miamilaservision.com\/wp-content\/uploads\/editor_images\/index\/dr-lazcano.jpg"},{"@type":"BreadcrumbList","@id":"https:\/\/www.miamilaservision.com\/es\/sus-medicos\/#breadcrumb","itemListElement":[{"@type":"ListItem","position":1,"name":"Home","item":"https:\/\/www.miamilaservision.com\/es\/"},{"@type":"ListItem","position":2,"name":"Sus Medicos"}]},{"@type":"WebSite","@id":"https:\/\/www.miamilaservision.com\/#website","url":"https:\/\/www.miamilaservision.com\/","name":"mlv","description":"","potentialAction":[{"@type":"SearchAction","target":{"@type":"EntryPoint","urlTemplate":"https:\/\/www.miamilaservision.com\/?s={search_term_string}"},"query-input":{"@type":"PropertyValueSpecification","valueRequired":true,"valueName":"search_term_string"}}],"inLanguage":"es"}]}},"_links":{"self":[{"href":"https:\/\/www.miamilaservision.com\/es\/wp-json\/wp\/v2\/pages\/619","targetHints":{"allow":["GET"]}}],"collection":[{"href":"https:\/\/www.miamilaservision.com\/es\/wp-json\/wp\/v2\/pages"}],"about":[{"href":"https:\/\/www.miamilaservision.com\/es\/wp-json\/wp\/v2\/types\/page"}],"author":[{"embeddable":true,"href":"https:\/\/www.miamilaservision.com\/es\/wp-json\/wp\/v2\/users\/12"}],"replies":[{"embeddable":true,"href":"https:\/\/www.miamilaservision.com\/es\/wp-json\/wp\/v2\/comments?post=619"}],"version-history":[{"count":6,"href":"https:\/\/www.miamilaservision.com\/es\/wp-json\/wp\/v2\/pages\/619\/revisions"}],"predecessor-version":[{"id":1260,"href":"https:\/\/www.miamilaservision.com\/es\/wp-json\/wp\/v2\/pages\/619\/revisions\/1260"}],"wp:attachment":[{"href":"https:\/\/www.miamilaservision.com\/es\/wp-json\/wp\/v2\/media?parent=619"}],"curies":[{"name":"wp","href":"https:\/\/api.w.org\/{rel}","templated":true}]}}