{"id":612,"date":"2019-04-30T12:15:46","date_gmt":"2019-04-30T12:15:46","guid":{"rendered":"http:\/\/miamilaservision.clients.ceatus.com\/?page_id=612"},"modified":"2019-05-15T09:02:56","modified_gmt":"2019-05-15T09:02:56","slug":"cirugia-de-cataratas","status":"publish","type":"page","link":"https:\/\/www.miamilaservision.com\/es\/cirugia-de-cataratas\/","title":{"rendered":"Cirug\u00eda de Cataratas"},"content":{"rendered":"\n\n\n<p>La catarata ocular es una opacificaci\u00f3n del lente cristalino que se encuentra dentro del ojo. Este lente trabaja como el lente de una c\u00e1mara. Esta localizado detr\u00e1s del iris, o sea, la parte de color del ojo. El lente cristalino enfoca las im\u00e1genes en la retina y esta las env\u00eda al cerebro. El lente humano se compone mayormente de prote\u00edna y agua. La prote\u00edna mantiene el lente claro y permite que la luz lo atraviese. Con la edad alguna de la prote\u00edna se acumula y empieza a nublar una peque\u00f1a \u00e1rea en el lente lo que causa visi\u00f3n borrosa. Con el tiempo crece mas densa y a como esto sucede se hace mas dif\u00edcil que las im\u00e1genes puedan enfocarse en la retina.<\/p>\n\n\n\n<div class=\"wp-block-image\"><figure class=\"alignleft is-resized\"><img loading=\"lazy\" decoding=\"async\" src=\"https:\/\/www.miamilaservision.com\/wp-content\/uploads\/editor_images\/nancy-berwick.jpg\" alt=\"\" width=\"252\" height=\"252\"\/><\/figure><\/div>\n\n\n\n<figure class=\"wp-block-image\"><img decoding=\"async\" src=\"https:\/\/www.miamilaservision.com\/wp-content\/uploads\/editor_images\/quotes.png\" alt=\"\"\/><\/figure>\n\n\n\n<p>No tengo palabras para expresar mi gratitud hacia el Dr. Gabriel Lazcano y su fant\u00e1stico equipo. Hace dos meses me removieron las cataratas y no puedo estar m\u00e1s feliz. Despu\u00e9s de la cirug\u00eda, me encontr\u00e9 con un mundo nuevo. Un mundo lleno de colores que no recordaba desde hacia mucho tiempo.<\/p>\n\n\n\n<p>Recomiendo al Dr. Lazcano no s\u00f3lo como un m\u00e9dico muy capacitado y experimentado, sino tambi\u00e9n como un profesional dedicado y cari\u00f1oso con sus pacientes. Desde que ten\u00eda 30 ten\u00eda cataratas y me tom\u00f3 un tiempo darme cuenta de que necesitaba ayuda. Hoy me encuentro absolutamente feliz de haber tomado la decisi\u00f3n con el perfecto profesional que no s\u00f3lo me quit\u00f3 las cataratas, sino que tambi\u00e9n corrigi\u00f3 la miop\u00eda que tuve por m\u00e1s de 30 a\u00f1os. Gracias a sus manos y la cirug\u00eda hoy puedo disfrutar de la vida de una manera m\u00e1s f\u00e1cil. No m\u00e1s lentes de contacto, no me monturas para m\u00ed, no m\u00e1s visi\u00f3n borrosa. La vida es maravillosa. Si alguien est\u00e1 considerando la cirug\u00eda de cataratas, le recomiendo al Dr. Lazcano. El procedimiento es indoloro y saldr\u00e1 de la sala de operaciones con nuevos ojos preparado para disfrutar de los colores del mundo. Mi agradecimiento a todos, no puedo estar m\u00e1s feliz!<\/p>\n\n\n\n<figure class=\"wp-block-image\"><img decoding=\"async\" src=\"https:\/\/www.miamilaservision.com\/wp-content\/uploads\/editor_images\/quotes2.png\" alt=\"\"\/><\/figure>\n\n\n\n<p>Casi todas las cataratas son relacionadas con la edad. Sin embargo existen otros tipos de cataratas:<\/p>\n\n\n\n<ul class=\"wp-block-list\"><li>Catarata secundaria: Las cataratas pueden formarse despu\u00e9s de cirug\u00eda para otro tipo de problema como por ejemplo glaucoma. Las cataratas tambi\u00e9n pueden desarrollarse en gente que tienen otros problemas de salud como diabetes o a ra\u00edz de uso prolongado de esteroides.<\/li><li>Catarata Traum\u00e1tica: Las cataratas pueden desarrollarse despu\u00e9s de una herida ocular, en ocasiones anos despu\u00e9s del incidente.<\/li><li>Cataratas Cong\u00e9nitas: En algunos casos los beb\u00e9s nacen con cataratas o las desarrollan durante la infancia, muy a menudo en ambos ojos. Estas cataratas pueden ser tan peque\u00f1as que no afectan la visi\u00f3n. En el caso de que si afecten la visi\u00f3n puede que tengan que removerse.<\/li><li>Cataratas por radiaci\u00f3n: Hay cataratas que pueden desarrollarse por la expocisi\u00f3n a algun tipo de radiaci\u00f3n.<\/li><\/ul>\n\n\n\n<p><strong>Qu\u00e9 se puede hacer?<\/strong><\/p>\n\n\n\n<div class=\"wp-block-image\"><figure class=\"alignright is-resized\"><img decoding=\"async\" src=\"https:\/\/www.miamilaservision.com\/wp-content\/uploads\/editor_images\/interior\/pic6.jpg\" alt=\"\"\/><\/figure><\/div>\n\n\n\n<p>Las cataratas se pueden extraer con cirug\u00eda ambulatoria. Para este tipo de cirug\u00eda el ojo es anestesiado con gotas, se hace una peque\u00f1a incisi\u00f3n, el lente se remueve con un moderno sistema de ultrasonido y se inserta un lente intraocular. La mayor\u00eda de los pacientes est\u00e1n despiertos durante la cirug\u00eda, pero se da un sedante liviano como relajante.<\/p>\n\n\n\n<p>Despu\u00e9s de la cirug\u00eda la visi\u00f3n esta ligeramente borrosa pero se va aclarando r\u00e1pidamente. En la mayor\u00eda de los casos se puede regresar a las actividades normales al d\u00eda siguiente de la operaci\u00f3n. La cirug\u00eda de cataratas es muy exitosa. M\u00e1s de 95% de las personas operadas de cataratas no tienen complicaciones y disfrutan de mejor visi\u00f3n.<\/p>\n\n\n\n<p><strong>Cu\u00e1ndo es el mejor tiempo para la operaci\u00f3n de cataratas?<\/strong><\/p>\n\n\n\n<p>La operaci\u00f3n de cataratas es un procedimiento electivo. La decisi\u00f3n de hacerse esta operaci\u00f3n debe ser tomada por el paciente con la gu\u00eda y opini\u00f3n de su oftalm\u00f3logo. En la mayor\u00eda de los casos esperar para operarse no va a afectar el ojo. Sin embargo, tomando en cuenta los beneficios de este procedimiento es un paso que la mayor\u00eda de nuestros pacientes toman una vez que son diagnosticados. La decisi\u00f3n es usualmente basada en como la catarata afecta su vida. A continuaci\u00f3n se mencionaran las quejas m\u00e1s comunes de pacientes con cataratas. Los s\u00edntomas m\u00e1s comunes son:<\/p>\n\n\n\n<ul class=\"wp-block-list\"><li>Visi\u00f3n nublada o borrosa.<\/li><li>P\u00e9rdida de brillo en los colores.<\/li><li>Resplandor. Las luces de los carros, l\u00e1mparas y la luz del sol se ven muy brillantes. Tambi\u00e9n puede verse un alo alrededor de las luces.<\/li><li>Disminuci\u00f3n en la visi\u00f3n nocturna.<\/li><li>P\u00e9rdida de la habilidad para manejar de noche.<\/li><li>Problema al leer por largos lapsos de tiempo.<\/li><li>Visi\u00f3n doble o m\u00faltiples im\u00e1genes en un ojo (este s\u00edntoma puede mejorar a como la catarata crezca.<\/li><li>Cambios frecuentes en la prescripci\u00f3n de los espejuelos o lentes de contacto.<\/li><\/ul>\n\n\n\n<p>Los anteriores pueden ser se\u00f1al de otro tipo de problema ocular, por lo que si usted tiene alguno de los mencionados u otros s\u00edntomas, debe ser chequeado por un profesional del cuidado de la visi\u00f3n.<\/p>\n\n\n\n<p><strong>Sus Opciones:<\/strong><br>Uno de los beneficios de la cirug\u00eda de catarata hoy en d\u00eda es que existe m\u00e1s de una opci\u00f3n a la hora de escoger el lente que se usara como implante. Una de las opciones es el lente monofocal y tambi\u00e9n existe el lente multifocal:<\/p>\n\n\n\n<div class=\"wp-block-image\"><figure class=\"alignright is-resized\"><a href=\"http:\/\/www.acrysofrestor.com\" target=\"_blank\" rel=\"noreferrer noopener\"><img decoding=\"async\" src=\"https:\/\/www.miamilaservision.com\/wp-content\/uploads\/editor_images\/interior\/restorlogo.jpg\" alt=\"\"\/><\/a><\/figure><\/div>\n\n\n\n<p>1.El moderno y avanzado lente Rezoom\u2122 ha sido especialmente dise\u00f1ado con zonas multifocales que proveen buena visi\u00f3n de cerca, lejos e intermedia. El lente multifical Rezoom\u2122 es un lente transparente y flexible hecho de material acr\u00edlico de alto \u00edndice refractivo.<\/p>\n\n\n\n<div class=\"wp-block-image\"><figure class=\"alignright is-resized\"><img decoding=\"async\" src=\"https:\/\/www.miamilaservision.com\/wp-content\/uploads\/editor_images\/interior\/toriclogo2.jpg\" alt=\"\"\/><\/figure><\/div>\n\n\n\n<p>2.El lente monofocal o de visi\u00f3n para una sola distancia se puede usar de dos formas:<\/p>\n\n\n\n<ul class=\"wp-block-list\"><li>corrigiendo ambos ojos para la distancia lo cual requiere el uso de espejuelos para leer.<\/li><li>monovision, o sea se usa un implante con <br>poder para corregir la visi\u00f3n de distancia en <br>un ojo y en el otro ojo se corrige la visi\u00f3n <br>de cerca.<\/li><\/ul>\n\n\n\n<h2 class=\"wp-block-heading\" id=\"h2-testimonials\">Testimonios<\/h2>\n\n\n\n<div class=\"wp-block-image\"><figure class=\"alignright is-resized\"><img decoding=\"async\" src=\"https:\/\/www.miamilaservision.com\/wp-content\/uploads\/editor_images\/interior\/testimonial_dorita.jpg\" alt=\"\"\/><\/figure><\/div>\n\n\n\n<figure class=\"wp-block-image\"><img decoding=\"async\" src=\"https:\/\/www.miamilaservision.com\/wp-content\/uploads\/editor_images\/interior\/quotes.jpg\" alt=\"\"\/><\/figure>\n\n\n\n<p>Quiero contarles mi testimonio de mi operacion de la vista, ambos ojos. Llegue a quedarme ciega por dos meses y como yo digo el ciego que nunca vio pues no tiene preocupacion pero yo que he visto toda mi vida y quedarme sin vision era para volverse loca, deprimida, insegura. Pero mi vida cambio cuando me llevaron con el Dr. Lazcano tremendo medico, dedicado y super profesional al igual que su personal.<\/p>\n\n\n\n<figure class=\"wp-block-image\"><img decoding=\"async\" src=\"https:\/\/www.miamilaservision.com\/wp-content\/uploads\/editor_images\/interior\/quotes-02.jpg\" alt=\"\"\/><\/figure>\n\n\n\n<p>Cuando me opera el primer ojo, el izquierdo que no veia nada para mi fue que me devolvieron la vida , nadie sabe lo que es perder la vista . Luego a las dos semanas me operaron el otro y pude ver. Me cuide e hice todo lo que el Dr. Lazcano me dijo. Lo importante cuando uno va un lugar como el Laser center es el trato que me dieron todo el personal , yo me sentia segura. Les recomiendo a todo el mundo a el Dr. Lazcano y el laser center. Ya tengo un ano de operada y siempre me dan seguimiento y yo no falto a mis citas, ya que es importante para mi NO volver a pasar por esta experiencia de no ver. Pero les doy Fe y agradecimiento que estoy sana.Gracias Dr. Lazcano, Gabriela Murillo y todo el personal.<\/p>\n\n\n\n<p><strong>Dorita Rodriguez<\/strong><\/p>\n","protected":false},"excerpt":{"rendered":"<p>La catarata ocular es una opacificaci\u00f3n del lente cristalino que se encuentra dentro del ojo. Este lente trabaja como el lente de una c\u00e1mara. Esta localizado detr\u00e1s del iris, o sea, la parte de color del ojo. El lente cristalino enfoca las im\u00e1genes en la retina y esta las env\u00eda al cerebro. El lente humano [&hellip;]<\/p>\n","protected":false},"author":12,"featured_media":0,"parent":0,"menu_order":0,"comment_status":"closed","ping_status":"closed","template":"","meta":{"_acf_changed":false,"footnotes":""},"class_list":["post-612","page","type-page","status-publish","hentry"],"acf":[],"yoast_head":"<!-- This site is optimized with the Yoast SEO plugin v26.1.1 - https:\/\/yoast.com\/wordpress\/plugins\/seo\/ -->\n<title>Cirug\u00eda de Cataratas cerca de Miami y Fort Lauderdale<\/title>\n<meta name=\"description\" content=\"La catarata ocular es una opacificaci\u00f3n del lente cristalino que se encuentra dentro del ojo\" \/>\n<meta name=\"robots\" content=\"index, follow, max-snippet:-1, max-image-preview:large, max-video-preview:-1\" \/>\n<link rel=\"canonical\" href=\"https:\/\/www.miamilaservision.com\/es\/cirugia-de-cataratas\/\" \/>\n<meta property=\"og:locale\" content=\"es_ES\" \/>\n<meta property=\"og:type\" content=\"article\" \/>\n<meta property=\"og:title\" content=\"Cirug\u00eda de Cataratas cerca de Miami y Fort Lauderdale\" \/>\n<meta property=\"og:description\" content=\"La catarata ocular es una opacificaci\u00f3n del lente cristalino que se encuentra dentro del ojo\" \/>\n<meta property=\"og:url\" content=\"https:\/\/www.miamilaservision.com\/es\/cirugia-de-cataratas\/\" \/>\n<meta property=\"og:site_name\" content=\"mlv\" \/>\n<meta property=\"article:modified_time\" content=\"2019-05-15T09:02:56+00:00\" \/>\n<meta property=\"og:image\" content=\"https:\/\/www.miamilaservision.com\/wp-content\/uploads\/editor_images\/nancy-berwick.jpg\" \/>\n<meta name=\"twitter:card\" content=\"summary_large_image\" \/>\n<meta name=\"twitter:label1\" content=\"Tiempo de lectura\" \/>\n\t<meta name=\"twitter:data1\" content=\"6 minutos\" \/>\n<script type=\"application\/ld+json\" class=\"yoast-schema-graph\">{\"@context\":\"https:\/\/schema.org\",\"@graph\":[{\"@type\":\"WebPage\",\"@id\":\"https:\/\/www.miamilaservision.com\/es\/cirugia-de-cataratas\/\",\"url\":\"https:\/\/www.miamilaservision.com\/es\/cirugia-de-cataratas\/\",\"name\":\"Cirug\u00eda de Cataratas cerca de Miami y Fort Lauderdale\",\"isPartOf\":{\"@id\":\"https:\/\/www.miamilaservision.com\/#website\"},\"primaryImageOfPage\":{\"@id\":\"https:\/\/www.miamilaservision.com\/es\/cirugia-de-cataratas\/#primaryimage\"},\"image\":{\"@id\":\"https:\/\/www.miamilaservision.com\/es\/cirugia-de-cataratas\/#primaryimage\"},\"thumbnailUrl\":\"https:\/\/www.miamilaservision.com\/wp-content\/uploads\/editor_images\/nancy-berwick.jpg\",\"datePublished\":\"2019-04-30T12:15:46+00:00\",\"dateModified\":\"2019-05-15T09:02:56+00:00\",\"description\":\"La catarata ocular es una opacificaci\u00f3n del lente cristalino que se encuentra dentro del ojo\",\"breadcrumb\":{\"@id\":\"https:\/\/www.miamilaservision.com\/es\/cirugia-de-cataratas\/#breadcrumb\"},\"inLanguage\":\"es\",\"potentialAction\":[{\"@type\":\"ReadAction\",\"target\":[\"https:\/\/www.miamilaservision.com\/es\/cirugia-de-cataratas\/\"]}]},{\"@type\":\"ImageObject\",\"inLanguage\":\"es\",\"@id\":\"https:\/\/www.miamilaservision.com\/es\/cirugia-de-cataratas\/#primaryimage\",\"url\":\"https:\/\/www.miamilaservision.com\/wp-content\/uploads\/editor_images\/nancy-berwick.jpg\",\"contentUrl\":\"https:\/\/www.miamilaservision.com\/wp-content\/uploads\/editor_images\/nancy-berwick.jpg\"},{\"@type\":\"BreadcrumbList\",\"@id\":\"https:\/\/www.miamilaservision.com\/es\/cirugia-de-cataratas\/#breadcrumb\",\"itemListElement\":[{\"@type\":\"ListItem\",\"position\":1,\"name\":\"Home\",\"item\":\"https:\/\/www.miamilaservision.com\/es\/\"},{\"@type\":\"ListItem\",\"position\":2,\"name\":\"Cirug\u00eda de Cataratas\"}]},{\"@type\":\"WebSite\",\"@id\":\"https:\/\/www.miamilaservision.com\/#website\",\"url\":\"https:\/\/www.miamilaservision.com\/\",\"name\":\"mlv\",\"description\":\"\",\"potentialAction\":[{\"@type\":\"SearchAction\",\"target\":{\"@type\":\"EntryPoint\",\"urlTemplate\":\"https:\/\/www.miamilaservision.com\/?s={search_term_string}\"},\"query-input\":{\"@type\":\"PropertyValueSpecification\",\"valueRequired\":true,\"valueName\":\"search_term_string\"}}],\"inLanguage\":\"es\"}]}<\/script>\n<!-- \/ Yoast SEO plugin. -->","yoast_head_json":{"title":"Cirug\u00eda de Cataratas cerca de Miami y Fort Lauderdale","description":"La catarata ocular es una opacificaci\u00f3n del lente cristalino que se encuentra dentro del ojo","robots":{"index":"index","follow":"follow","max-snippet":"max-snippet:-1","max-image-preview":"max-image-preview:large","max-video-preview":"max-video-preview:-1"},"canonical":"https:\/\/www.miamilaservision.com\/es\/cirugia-de-cataratas\/","og_locale":"es_ES","og_type":"article","og_title":"Cirug\u00eda de Cataratas cerca de Miami y Fort Lauderdale","og_description":"La catarata ocular es una opacificaci\u00f3n del lente cristalino que se encuentra dentro del ojo","og_url":"https:\/\/www.miamilaservision.com\/es\/cirugia-de-cataratas\/","og_site_name":"mlv","article_modified_time":"2019-05-15T09:02:56+00:00","og_image":[{"url":"https:\/\/www.miamilaservision.com\/wp-content\/uploads\/editor_images\/nancy-berwick.jpg","type":"","width":"","height":""}],"twitter_card":"summary_large_image","twitter_misc":{"Tiempo de lectura":"6 minutos"},"schema":{"@context":"https:\/\/schema.org","@graph":[{"@type":"WebPage","@id":"https:\/\/www.miamilaservision.com\/es\/cirugia-de-cataratas\/","url":"https:\/\/www.miamilaservision.com\/es\/cirugia-de-cataratas\/","name":"Cirug\u00eda de Cataratas cerca de Miami y Fort Lauderdale","isPartOf":{"@id":"https:\/\/www.miamilaservision.com\/#website"},"primaryImageOfPage":{"@id":"https:\/\/www.miamilaservision.com\/es\/cirugia-de-cataratas\/#primaryimage"},"image":{"@id":"https:\/\/www.miamilaservision.com\/es\/cirugia-de-cataratas\/#primaryimage"},"thumbnailUrl":"https:\/\/www.miamilaservision.com\/wp-content\/uploads\/editor_images\/nancy-berwick.jpg","datePublished":"2019-04-30T12:15:46+00:00","dateModified":"2019-05-15T09:02:56+00:00","description":"La catarata ocular es una opacificaci\u00f3n del lente cristalino que se encuentra dentro del ojo","breadcrumb":{"@id":"https:\/\/www.miamilaservision.com\/es\/cirugia-de-cataratas\/#breadcrumb"},"inLanguage":"es","potentialAction":[{"@type":"ReadAction","target":["https:\/\/www.miamilaservision.com\/es\/cirugia-de-cataratas\/"]}]},{"@type":"ImageObject","inLanguage":"es","@id":"https:\/\/www.miamilaservision.com\/es\/cirugia-de-cataratas\/#primaryimage","url":"https:\/\/www.miamilaservision.com\/wp-content\/uploads\/editor_images\/nancy-berwick.jpg","contentUrl":"https:\/\/www.miamilaservision.com\/wp-content\/uploads\/editor_images\/nancy-berwick.jpg"},{"@type":"BreadcrumbList","@id":"https:\/\/www.miamilaservision.com\/es\/cirugia-de-cataratas\/#breadcrumb","itemListElement":[{"@type":"ListItem","position":1,"name":"Home","item":"https:\/\/www.miamilaservision.com\/es\/"},{"@type":"ListItem","position":2,"name":"Cirug\u00eda de Cataratas"}]},{"@type":"WebSite","@id":"https:\/\/www.miamilaservision.com\/#website","url":"https:\/\/www.miamilaservision.com\/","name":"mlv","description":"","potentialAction":[{"@type":"SearchAction","target":{"@type":"EntryPoint","urlTemplate":"https:\/\/www.miamilaservision.com\/?s={search_term_string}"},"query-input":{"@type":"PropertyValueSpecification","valueRequired":true,"valueName":"search_term_string"}}],"inLanguage":"es"}]}},"_links":{"self":[{"href":"https:\/\/www.miamilaservision.com\/es\/wp-json\/wp\/v2\/pages\/612","targetHints":{"allow":["GET"]}}],"collection":[{"href":"https:\/\/www.miamilaservision.com\/es\/wp-json\/wp\/v2\/pages"}],"about":[{"href":"https:\/\/www.miamilaservision.com\/es\/wp-json\/wp\/v2\/types\/page"}],"author":[{"embeddable":true,"href":"https:\/\/www.miamilaservision.com\/es\/wp-json\/wp\/v2\/users\/12"}],"replies":[{"embeddable":true,"href":"https:\/\/www.miamilaservision.com\/es\/wp-json\/wp\/v2\/comments?post=612"}],"version-history":[{"count":8,"href":"https:\/\/www.miamilaservision.com\/es\/wp-json\/wp\/v2\/pages\/612\/revisions"}],"predecessor-version":[{"id":1255,"href":"https:\/\/www.miamilaservision.com\/es\/wp-json\/wp\/v2\/pages\/612\/revisions\/1255"}],"wp:attachment":[{"href":"https:\/\/www.miamilaservision.com\/es\/wp-json\/wp\/v2\/media?parent=612"}],"curies":[{"name":"wp","href":"https:\/\/api.w.org\/{rel}","templated":true}]}}